{"id":1265,"date":"2020-02-02T16:42:06","date_gmt":"2020-02-02T15:42:06","guid":{"rendered":"https:\/\/www.amalficoastceramics.com\/?page_id=1265"},"modified":"2020-02-02T16:42:06","modified_gmt":"2020-02-02T15:42:06","slug":"faq","status":"publish","type":"page","link":"https:\/\/www.amalficoastceramics.com\/en\/faq\/","title":{"rendered":"FAQ"},"content":{"rendered":"<div class=\"wpb-content-wrapper\"><p>[vc_row type=&#8221;boxed&#8221; css=&#8221;.vc_custom_1432752631369{padding-top: 68px !important;}&#8221;][vc_column width=&#8221;1\/4&#8243;][vc_column_text el_class=&#8221;nm-highlight-text&#8221;]<\/p>\n<h4>Shopping<\/h4>\n<p>[\/vc_column_text][vc_empty_space height=&#8221;30px&#8221;][\/vc_column][vc_column width=&#8221;3\/4&#8243; offset=&#8221;vc_col-lg-4&#8243;][vc_column_text css_animation=&#8221;&#8221;]<\/p>\n<h6>Quali metodi di spedizione sono disponibili?<\/h6>\n<p>[\/vc_column_text][vc_empty_space height=&#8221;14px&#8221;][\/vc_column][vc_column width=&#8221;3\/4&#8243; offset=&#8221;vc_col-lg-5&#8243;][vc_column_text css_animation=&#8221;&#8221;]Le spedizioni in Italia sono effettuate tramite posta o corriere espresso. Le spedizioni all&#8217;estero sono effettuate tramite compagnie di spedizioni internazionali che assicurano il recapito die nostri prodotti in perfette condizioni ed in tempi ragionevoli. Normalmente gli ordini vengono evasi entro 15 giorni.<br \/>\nIl costo di spedizione vaira a secondo del peso del prodotto ordinato, del Paese di destinazione, del tipo di spedizione e dall&#8217;eventuale imballaggio speciale (nel caso ad esempio di oggetti d&#8217;arte o particolarmente fragili).<br \/>\nIl costo di spedizione sar\u00e0 comunque visualizzato prima della conferma dell&#8217;ordine da parte Vostra.[\/vc_column_text][\/vc_column][\/vc_row][vc_row type=&#8221;boxed&#8221; css=&#8221;.vc_custom_1432727850842{padding-top: 40px !important;}&#8221;][vc_column width=&#8221;3\/4&#8243; offset=&#8221;vc_col-lg-4 vc_col-sm-offset-3&#8243;][vc_column_text]<\/p>\n<h6>E&#8217; possibile una spedizione internazionale?<\/h6>\n<p>[\/vc_column_text][vc_empty_space height=&#8221;14px&#8221;][\/vc_column][vc_column width=&#8221;3\/4&#8243; offset=&#8221;vc_col-lg-offset-0 vc_col-lg-5 vc_col-sm-offset-3&#8243;][vc_column_text]Le spedizioni all&#8217;estero sono effettuate tramite compagnie di spedizioni internazionali che assicurano il recapito die nostri prodotti in perfette condizioni ed in tempi ragionevoli<\/p>\n<p><strong>IMPORTANTE<\/strong>: Tutti i clienti residenti fuori dalla Comunit\u00e0 europea sono tenuti al pagamento delle tasse doganali all&#8217;arrivo della merce. Tali tasse possono variare a seconda dei beni ordinati e sono a completo carico del cliente.[\/vc_column_text][\/vc_column][\/vc_row][vc_row type=&#8221;full-nopad&#8221; css=&#8221;.vc_custom_1432728062229{padding-top: 46px !important;}&#8221;][vc_column][vc_separator][\/vc_column][\/vc_row][vc_row type=&#8221;boxed&#8221; css=&#8221;.vc_custom_1432728051583{padding-top: 49px !important;}&#8221;][vc_column width=&#8221;1\/4&#8243;][vc_column_text el_class=&#8221;nm-highlight-text&#8221;]<\/p>\n<h4>Pagamento<\/h4>\n<p>[\/vc_column_text][vc_empty_space height=&#8221;30px&#8221;][\/vc_column][vc_column width=&#8221;3\/4&#8243; offset=&#8221;vc_col-lg-4&#8243;][vc_column_text]<\/p>\n<h6>Quali sono le modalit\u00e0 di pagamento accettate?<\/h6>\n<p>[\/vc_column_text][vc_empty_space height=&#8221;14px&#8221;][\/vc_column][vc_column width=&#8221;3\/4&#8243; offset=&#8221;vc_col-lg-5&#8243;][vc_column_text]\u00e8 possibibile pagare l&#8217;ordine con Paypal o carta di credito VISA, MASTERCARD o tramite PAGOBANCOMAT.&nbsp; La conferma sar\u00e0 inviata tramite e-mail all&#8217;indirizzo indicato durante la registrazione. I prezzi dei prodotti sono indicati in euro e l&#8217;ammontare addebitato sar\u00e0 in euro qualsiasi sia la valuta del paese di provenienza e qualunque sia la valuta del conto associato alla carta di pagamento utilizzata.<br \/>\nDopo la conferma dell&#8217;ordine da parte nostra non sar\u00e0 pi\u00f9 possibile procedere alla cancellazione tramite il sito.[\/vc_column_text][\/vc_column][\/vc_row][vc_row type=&#8221;boxed&#8221; css=&#8221;.vc_custom_1432727850842{padding-top: 40px !important;}&#8221;][vc_column width=&#8221;3\/4&#8243; offset=&#8221;vc_col-lg-4 vc_col-sm-offset-3&#8243;][vc_column_text]<\/p>\n<h6>E&#8217; sicuro acquistare sul nostro sito?<\/h6>\n<p>[\/vc_column_text][vc_empty_space height=&#8221;14px&#8221;][\/vc_column][vc_column width=&#8221;3\/4&#8243; offset=&#8221;vc_col-lg-offset-0 vc_col-lg-5 vc_col-sm-offset-3&#8243;][vc_column_text]Tutte le transazioni effettuate attraverso il nostro sistema di e-commerce sono protette attraverso lo standard SSL (Secure Socket Layer). I dettagli delle carte di pagamento sono processati da <a href=\"https:\/\/www.paypal.com\" target=\"_blank\" rel=\"noopener noreferrer\">Paypal<\/a> che agisce come payment gateway e garantisce l&#8217;applicazione dei massimi standard di sicurezza riguardo i dati trattati. La nostra ditta non ha in alcun modo accesso ai dettagli delle carte di pagamento utilizzate per in pagamento on-line e non pu&amp;ograve; pertanto essere considerata responsabile per il loro uso. Nel caso la Vostra carta sia rifiutata vi consigliamo di ripetere l&#8217;intera procedura dall&#8217;inizio assicurandovi di inserire correttamente tutti i dati richiesti. Nel caso continuaste ad avere problemi contattare la societ\u00e0 emittente della carta di pagamento. Per ricevere aiuto direttamente da noi \u00e8 possibile contattare i seguenti numeri:<\/p>\n<p>Tel <a href=\"tel:+390898736353\">+39 0898736353<\/a><br \/>\nFax <a href=\"tel:+390898736353\">+39 0898736353<\/a><br \/>\nIl Ninfeo di Amendola Cosma &amp; C. S.a.s.<br \/>\nVia Lorenzo d&#8217;Amalfi, 28<br \/>\n84011 Amalfi (SA) &#8211; Italy<br \/>\nEmail: <a href=\"mailto:info@amalficoastceramics.com\">info@amalficoastceramics.com<\/a>[\/vc_column_text][\/vc_column][\/vc_row][vc_row type=&#8221;full-nopad&#8221; css=&#8221;.vc_custom_1432728062229{padding-top: 46px !important;}&#8221;][vc_column][vc_separator][\/vc_column][\/vc_row][vc_row type=&#8221;boxed&#8221; css=&#8221;.vc_custom_1432728051583{padding-top: 49px !important;}&#8221;][vc_column width=&#8221;1\/4&#8243;][vc_column_text el_class=&#8221;nm-highlight-text&#8221;]<\/p>\n<h4>Ordini<\/h4>\n<p>[\/vc_column_text][vc_empty_space height=&#8221;30px&#8221;][\/vc_column][vc_column width=&#8221;3\/4&#8243; offset=&#8221;vc_col-lg-4&#8243;][vc_column_text]<\/p>\n<h6>Come ordinare?<\/h6>\n<p>[\/vc_column_text][vc_empty_space height=&#8221;14px&#8221;][\/vc_column][vc_column width=&#8221;3\/4&#8243; offset=&#8221;vc_col-lg-5&#8243;][vc_column_text]Tutti i prodotti del nostro catalogo on-line sono raggruppati in categorie per rendere pi\u00f9 semplice la scelta di acquisto. Inoltre \u00e8 possibile utilizzare il nostro motore di ricerca interno per trovare i prodotti di proprio interesse. Ogni prodotto \u00e8 accompagnato da una foto e da una breve descrizione, oltre ovviamente al prezzo di vendita IVA inclusa. Cliccando sul pulsante &#8220;aggiungi al carrello&#8221; il prodotto selezionato sar\u00e0 aggiunto al carrello. Il carrello sar\u00e0 quindi aggiornato anche nel prezzo totale automaticamente. Tutti i prodotti sono coperti dalla nostra garanzia come previsto dalle vigenti normative sulle vendite on-line. Il totale da pagare sar\u00e0 visualizzato sul sito una volta selezionato il paese di destinazione della merce. Per procedere con l&#8217;ordine baster\u00e0 quindi cliccare sul pulsante &#8220;Ordina&#8221;. Per ricevere il primo ordine \u00e8 necessario procedere alla compilazione del form di registrazione includendo alcuni dati personali. Invitiamo a consultare con attenzione la nostra Privacy Policy per maggiori dettagli. Per procedere sar\u00e0 necessario indicare anche una password di propria scelta. L&#8217;indirizzo e-mail indicato verr\u00e0 utilizzato come username. Con questi username e password sar\u00e0 possibioel accedere ad delle pagine riservate attraverso le quali si potr\u00e0 controllare, verificare e cancellare i propri ordini; modificare i propri dati personali; utilizzare i dati di spedizione senza doverli ridigitare per ogni ordine. Dopo la registrazione raccomandiamo quindi di accedere sempre al sito autenticandosi con il proprio nome utente e la propria password PRIMA di procedere ad un eventuale acquisto. L&#8217;ordine sar\u00e0 sospeso sino a quando si proceder\u00e0 al successivo pagamento.[\/vc_column_text][\/vc_column][\/vc_row][vc_row type=&#8221;boxed&#8221; css=&#8221;.vc_custom_1432727850842{padding-top: 40px !important;}&#8221;][vc_column width=&#8221;3\/4&#8243; offset=&#8221;vc_col-lg-4 vc_col-sm-offset-3&#8243;][vc_column_text]<\/p>\n<h6>Come posso annullare il mio ordine?<\/h6>\n<p>[\/vc_column_text][vc_empty_space height=&#8221;14px&#8221;][\/vc_column][vc_column width=&#8221;3\/4&#8243; offset=&#8221;vc_col-lg-offset-0 vc_col-lg-5 vc_col-sm-offset-3&#8243;][vc_column_text]Oltre a poter essere annullato per qualsiasi motivo prima della nostra conferma, il vostro ordine pu\u00f2 essere cancellato prima che venga spedito ma non oltre 14 giorni dalla conferma, contattandoci ai seguenti recapiti:<\/p>\n<p>Tel.<a href=\"tel:+390898736353\">+39 0898736353<\/a><br \/>\nFax <a href=\"tel:+390898736353\">+39 0898736353<\/a><\/p>\n<p>Email: <a href=\"mailto:info@amalficoastceramics.com\">info@amalficoastceramics.com<\/a>[\/vc_column_text][\/vc_column][\/vc_row][vc_row type=&#8221;boxed&#8221; css=&#8221;.vc_custom_1432727850842{padding-top: 40px !important;}&#8221;][vc_column width=&#8221;3\/4&#8243; offset=&#8221;vc_col-lg-4 vc_col-sm-offset-3&#8243;][vc_column_text]<\/p>\n<h6>Cosa succede se un prodotto che ho ordinato non \u00e8 disponibile?<\/h6>\n<p>[\/vc_column_text][vc_empty_space height=&#8221;14px&#8221;][\/vc_column][vc_column width=&#8221;3\/4&#8243; offset=&#8221;vc_col-lg-offset-0 vc_col-lg-5 vc_col-sm-offset-3&#8243;][vc_column_text]A causa della natura artigianale ed alla unicit\u00e0 dei nostri prodotti \u00e8 possibile che questi non siano immediatamente disponibili. In questo caso sarete contattati e se \u00e8 il caso l&#8217;ordine potr\u00e0 essere cancellato.[\/vc_column_text][\/vc_column][\/vc_row][vc_row type=&#8221;boxed&#8221; css=&#8221;.vc_custom_1432727850842{padding-top: 40px !important;}&#8221;][vc_column width=&#8221;3\/4&#8243; offset=&#8221;vc_col-lg-4 vc_col-sm-offset-3&#8243;][vc_column_text]<\/p>\n<h6>Come posso tracciare il mio ordine?<\/h6>\n<p>[\/vc_column_text][vc_empty_space height=&#8221;14px&#8221;][\/vc_column][vc_column width=&#8221;3\/4&#8243; offset=&#8221;vc_col-lg-offset-0 vc_col-lg-5 vc_col-sm-offset-3&#8243;][vc_column_text]L&#8217;ordine viene controllato con procedure automatiche fino all&#8217;evasione ed alla consegna. Sarete quindi informati di qualsiasi anomalia o ritardo<\/p>\n<p>Autenticandosi sul nostro sito con la propria username e password \u00e8 inoltre possibile seguire personalmente l&#8217;andamento del proprio ordine nella sezione &#8220;Order Tracking&#8221;. Una volta ricevuta la mail di conferma della spedizione anche questa potr\u00e0 essere controllata on-line partendo dal nostro sito. Questa funzionalit\u00e0 \u00e8 offerta in collaborazione con i corrieri incaricati della spedizione.[\/vc_column_text][\/vc_column][\/vc_row][vc_row type=&#8221;boxed&#8221; css=&#8221;.vc_custom_1432729671370{padding-top: 40px !important;padding-bottom: 74px !important;}&#8221;][vc_column width=&#8221;3\/4&#8243; offset=&#8221;vc_col-lg-4 vc_col-sm-offset-3&#8243;][vc_column_text]<\/p>\n<h6>Come posso restituire un prodotto danneggiato?<\/h6>\n<p>[\/vc_column_text][vc_empty_space height=&#8221;14px&#8221;][\/vc_column][vc_column width=&#8221;3\/4&#8243; offset=&#8221;vc_col-lg-offset-0 vc_col-lg-5 vc_col-sm-offset-3&#8243;][vc_column_text]Tutti i nostri prodotti sono imballati e spediti con la massima cura. Se il prodotto dovesse comunque essere difettoso o rimanere danneggiato durante il trasporto \u00e8 possibile contattarci immediatamente (entro 10 giorni dalla ricezione) per ottenere pronta assistenza nella restituzione\/sostituzione del prodotto o per l&#8217;eventuale rimborso.[\/vc_column_text][\/vc_column][\/vc_row]<\/p>\n<\/div>","protected":false},"excerpt":{"rendered":"<p>[vc_row type=&#8221;boxed&#8221; css=&#8221;.vc_custom_1432752631369{padding-top: 68px !important;}&#8221;][vc_column width=&#8221;1\/4&#8243;][vc_column_text el_class=&#8221;nm-highlight-text&#8221;] Shopping [\/vc_column_text][vc_empty_space height=&#8221;30px&#8221;][\/vc_column][vc_column width=&#8221;3\/4&#8243; offset=&#8221;vc_col-lg-4&#8243;][vc_column_text css_animation=&#8221;&#8221;] Quali metodi di spedizione sono disponibili? [\/vc_column_text][vc_empty_space height=&#8221;14px&#8221;][\/vc_column][vc_column width=&#8221;3\/4&#8243; offset=&#8221;vc_col-lg-5&#8243;][vc_column_text css_animation=&#8221;&#8221;]Le spedizioni in Italia sono effettuate tramite posta o corriere espresso. Le spedizioni all&#8217;estero sono effettuate tramite compagnie di spedizioni internazionali che assicurano il recapito die nostri prodotti in perfette condizioni ed &hellip;<\/p>\n","protected":false},"author":1,"featured_media":0,"parent":0,"menu_order":0,"comment_status":"closed","ping_status":"closed","template":"","meta":{"_themeisle_gutenberg_block_has_review":false,"footnotes":""},"class_list":["post-1265","page","type-page","status-publish","hentry"],"yoast_head":"<!-- This site is optimized with the Yoast SEO plugin v25.4 - https:\/\/yoast.com\/wordpress\/plugins\/seo\/ -->\n<title>FAQ - Il Ninfeo: Amalfi Coast Artistic Ceramics | Handmade Italian Pottery<\/title>\n<meta name=\"robots\" content=\"index, follow, max-snippet:-1, max-image-preview:large, max-video-preview:-1\" \/>\n<link rel=\"canonical\" href=\"https:\/\/www.amalficoastceramics.com\/en\/faq\/\" \/>\n<meta property=\"og:locale\" content=\"en_US\" \/>\n<meta property=\"og:type\" content=\"article\" \/>\n<meta property=\"og:title\" content=\"FAQ - Il Ninfeo: Amalfi Coast Artistic Ceramics | Handmade Italian Pottery\" \/>\n<meta property=\"og:description\" content=\"[vc_row type=&#8221;boxed&#8221; css=&#8221;.vc_custom_1432752631369{padding-top: 68px !important;}&#8221;][vc_column width=&#8221;1\/4&#8243;][vc_column_text el_class=&#8221;nm-highlight-text&#8221;] Shopping [\/vc_column_text][vc_empty_space height=&#8221;30px&#8221;][\/vc_column][vc_column width=&#8221;3\/4&#8243; offset=&#8221;vc_col-lg-4&#8243;][vc_column_text css_animation=&#8221;&#8221;] Quali metodi di spedizione sono disponibili? [\/vc_column_text][vc_empty_space height=&#8221;14px&#8221;][\/vc_column][vc_column width=&#8221;3\/4&#8243; offset=&#8221;vc_col-lg-5&#8243;][vc_column_text css_animation=&#8221;&#8221;]Le spedizioni in Italia sono effettuate tramite posta o corriere espresso. Le spedizioni all&#8217;estero sono effettuate tramite compagnie di spedizioni internazionali che assicurano il recapito die nostri prodotti in perfette condizioni ed &hellip;\" \/>\n<meta property=\"og:url\" content=\"https:\/\/www.amalficoastceramics.com\/en\/faq\/\" \/>\n<meta property=\"og:site_name\" content=\"Il Ninfeo: Amalfi Coast Artistic Ceramics | Handmade Italian Pottery\" \/>\n<meta property=\"article:publisher\" content=\"https:\/\/www.facebook.com\/pages\/Il-Ninfeo\/183199005056985\" \/>\n<meta property=\"og:image\" content=\"https:\/\/www.amalficoastceramics.com\/wp-content\/uploads\/2019\/11\/logo-il-ninfeo-amalfi.png\" \/>\n\t<meta property=\"og:image:width\" content=\"175\" \/>\n\t<meta property=\"og:image:height\" content=\"50\" \/>\n\t<meta property=\"og:image:type\" content=\"image\/png\" \/>\n<meta name=\"twitter:card\" content=\"summary_large_image\" \/>\n<meta name=\"twitter:label1\" content=\"Est. reading time\" \/>\n\t<meta name=\"twitter:data1\" content=\"7 minutes\" \/>\n<script type=\"application\/ld+json\" class=\"yoast-schema-graph\">{\"@context\":\"https:\/\/schema.org\",\"@graph\":[{\"@type\":\"WebPage\",\"@id\":\"https:\/\/www.amalficoastceramics.com\/en\/faq\/\",\"url\":\"https:\/\/www.amalficoastceramics.com\/en\/faq\/\",\"name\":\"FAQ - Il Ninfeo: Amalfi Coast Artistic Ceramics | Handmade Italian Pottery\",\"isPartOf\":{\"@id\":\"https:\/\/www.amalficoastceramics.com\/en\/#website\"},\"datePublished\":\"2020-02-02T15:42:06+00:00\",\"breadcrumb\":{\"@id\":\"https:\/\/www.amalficoastceramics.com\/en\/faq\/#breadcrumb\"},\"inLanguage\":\"en-US\",\"potentialAction\":[{\"@type\":\"ReadAction\",\"target\":[\"https:\/\/www.amalficoastceramics.com\/en\/faq\/\"]}]},{\"@type\":\"BreadcrumbList\",\"@id\":\"https:\/\/www.amalficoastceramics.com\/en\/faq\/#breadcrumb\",\"itemListElement\":[{\"@type\":\"ListItem\",\"position\":1,\"name\":\"Home\",\"item\":\"https:\/\/www.amalficoastceramics.com\/en\/\"},{\"@type\":\"ListItem\",\"position\":2,\"name\":\"FAQ\"}]},{\"@type\":\"WebSite\",\"@id\":\"https:\/\/www.amalficoastceramics.com\/en\/#website\",\"url\":\"https:\/\/www.amalficoastceramics.com\/en\/\",\"name\":\"Il Ninfeo Ceramiche di Amalfi - Ceramica artistica italiana tradizionale\",\"description\":\"Acquista on line i migliori oggetti in ceramica della tradizione italiana e della Costiera Amalfitana\",\"publisher\":{\"@id\":\"https:\/\/www.amalficoastceramics.com\/en\/#organization\"},\"potentialAction\":[{\"@type\":\"SearchAction\",\"target\":{\"@type\":\"EntryPoint\",\"urlTemplate\":\"https:\/\/www.amalficoastceramics.com\/en\/?s={search_term_string}\"},\"query-input\":{\"@type\":\"PropertyValueSpecification\",\"valueRequired\":true,\"valueName\":\"search_term_string\"}}],\"inLanguage\":\"en-US\"},{\"@type\":\"Organization\",\"@id\":\"https:\/\/www.amalficoastceramics.com\/en\/#organization\",\"name\":\"Il Ninfeo - Ceramica artistica italiana\",\"url\":\"https:\/\/www.amalficoastceramics.com\/en\/\",\"logo\":{\"@type\":\"ImageObject\",\"inLanguage\":\"en-US\",\"@id\":\"https:\/\/www.amalficoastceramics.com\/en\/#\/schema\/logo\/image\/\",\"url\":\"https:\/\/www.amalficoastceramics.com\/wp-content\/uploads\/2019\/11\/logo-il-ninfeo-amalfi.png\",\"contentUrl\":\"https:\/\/www.amalficoastceramics.com\/wp-content\/uploads\/2019\/11\/logo-il-ninfeo-amalfi.png\",\"width\":175,\"height\":50,\"caption\":\"Il Ninfeo - Ceramica artistica italiana\"},\"image\":{\"@id\":\"https:\/\/www.amalficoastceramics.com\/en\/#\/schema\/logo\/image\/\"},\"sameAs\":[\"https:\/\/www.facebook.com\/pages\/Il-Ninfeo\/183199005056985\"]}]}<\/script>\n<!-- \/ Yoast SEO plugin. -->","yoast_head_json":{"title":"FAQ - Il Ninfeo: Amalfi Coast Artistic Ceramics | Handmade Italian Pottery","robots":{"index":"index","follow":"follow","max-snippet":"max-snippet:-1","max-image-preview":"max-image-preview:large","max-video-preview":"max-video-preview:-1"},"canonical":"https:\/\/www.amalficoastceramics.com\/en\/faq\/","og_locale":"en_US","og_type":"article","og_title":"FAQ - Il Ninfeo: Amalfi Coast Artistic Ceramics | Handmade Italian Pottery","og_description":"[vc_row type=&#8221;boxed&#8221; css=&#8221;.vc_custom_1432752631369{padding-top: 68px !important;}&#8221;][vc_column width=&#8221;1\/4&#8243;][vc_column_text el_class=&#8221;nm-highlight-text&#8221;] Shopping [\/vc_column_text][vc_empty_space height=&#8221;30px&#8221;][\/vc_column][vc_column width=&#8221;3\/4&#8243; offset=&#8221;vc_col-lg-4&#8243;][vc_column_text css_animation=&#8221;&#8221;] Quali metodi di spedizione sono disponibili? [\/vc_column_text][vc_empty_space height=&#8221;14px&#8221;][\/vc_column][vc_column width=&#8221;3\/4&#8243; offset=&#8221;vc_col-lg-5&#8243;][vc_column_text css_animation=&#8221;&#8221;]Le spedizioni in Italia sono effettuate tramite posta o corriere espresso. Le spedizioni all&#8217;estero sono effettuate tramite compagnie di spedizioni internazionali che assicurano il recapito die nostri prodotti in perfette condizioni ed &hellip;","og_url":"https:\/\/www.amalficoastceramics.com\/en\/faq\/","og_site_name":"Il Ninfeo: Amalfi Coast Artistic Ceramics | Handmade Italian Pottery","article_publisher":"https:\/\/www.facebook.com\/pages\/Il-Ninfeo\/183199005056985","og_image":[{"width":175,"height":50,"url":"https:\/\/www.amalficoastceramics.com\/wp-content\/uploads\/2019\/11\/logo-il-ninfeo-amalfi.png","type":"image\/png"}],"twitter_card":"summary_large_image","twitter_misc":{"Est. reading time":"7 minutes"},"schema":{"@context":"https:\/\/schema.org","@graph":[{"@type":"WebPage","@id":"https:\/\/www.amalficoastceramics.com\/en\/faq\/","url":"https:\/\/www.amalficoastceramics.com\/en\/faq\/","name":"FAQ - Il Ninfeo: Amalfi Coast Artistic Ceramics | Handmade Italian Pottery","isPartOf":{"@id":"https:\/\/www.amalficoastceramics.com\/en\/#website"},"datePublished":"2020-02-02T15:42:06+00:00","breadcrumb":{"@id":"https:\/\/www.amalficoastceramics.com\/en\/faq\/#breadcrumb"},"inLanguage":"en-US","potentialAction":[{"@type":"ReadAction","target":["https:\/\/www.amalficoastceramics.com\/en\/faq\/"]}]},{"@type":"BreadcrumbList","@id":"https:\/\/www.amalficoastceramics.com\/en\/faq\/#breadcrumb","itemListElement":[{"@type":"ListItem","position":1,"name":"Home","item":"https:\/\/www.amalficoastceramics.com\/en\/"},{"@type":"ListItem","position":2,"name":"FAQ"}]},{"@type":"WebSite","@id":"https:\/\/www.amalficoastceramics.com\/en\/#website","url":"https:\/\/www.amalficoastceramics.com\/en\/","name":"Il Ninfeo Ceramiche di Amalfi - Ceramica artistica italiana tradizionale","description":"Acquista on line i migliori oggetti in ceramica della tradizione italiana e della Costiera Amalfitana","publisher":{"@id":"https:\/\/www.amalficoastceramics.com\/en\/#organization"},"potentialAction":[{"@type":"SearchAction","target":{"@type":"EntryPoint","urlTemplate":"https:\/\/www.amalficoastceramics.com\/en\/?s={search_term_string}"},"query-input":{"@type":"PropertyValueSpecification","valueRequired":true,"valueName":"search_term_string"}}],"inLanguage":"en-US"},{"@type":"Organization","@id":"https:\/\/www.amalficoastceramics.com\/en\/#organization","name":"Il Ninfeo - Ceramica artistica italiana","url":"https:\/\/www.amalficoastceramics.com\/en\/","logo":{"@type":"ImageObject","inLanguage":"en-US","@id":"https:\/\/www.amalficoastceramics.com\/en\/#\/schema\/logo\/image\/","url":"https:\/\/www.amalficoastceramics.com\/wp-content\/uploads\/2019\/11\/logo-il-ninfeo-amalfi.png","contentUrl":"https:\/\/www.amalficoastceramics.com\/wp-content\/uploads\/2019\/11\/logo-il-ninfeo-amalfi.png","width":175,"height":50,"caption":"Il Ninfeo - Ceramica artistica italiana"},"image":{"@id":"https:\/\/www.amalficoastceramics.com\/en\/#\/schema\/logo\/image\/"},"sameAs":["https:\/\/www.facebook.com\/pages\/Il-Ninfeo\/183199005056985"]}]}},"_links":{"self":[{"href":"https:\/\/www.amalficoastceramics.com\/en\/wp-json\/wp\/v2\/pages\/1265","targetHints":{"allow":["GET"]}}],"collection":[{"href":"https:\/\/www.amalficoastceramics.com\/en\/wp-json\/wp\/v2\/pages"}],"about":[{"href":"https:\/\/www.amalficoastceramics.com\/en\/wp-json\/wp\/v2\/types\/page"}],"author":[{"embeddable":true,"href":"https:\/\/www.amalficoastceramics.com\/en\/wp-json\/wp\/v2\/users\/1"}],"replies":[{"embeddable":true,"href":"https:\/\/www.amalficoastceramics.com\/en\/wp-json\/wp\/v2\/comments?post=1265"}],"version-history":[{"count":0,"href":"https:\/\/www.amalficoastceramics.com\/en\/wp-json\/wp\/v2\/pages\/1265\/revisions"}],"wp:attachment":[{"href":"https:\/\/www.amalficoastceramics.com\/en\/wp-json\/wp\/v2\/media?parent=1265"}],"curies":[{"name":"wp","href":"https:\/\/api.w.org\/{rel}","templated":true}]}}